{"id":6,"date":"2019-11-26T12:23:06","date_gmt":"2019-11-26T12:23:06","guid":{"rendered":"https:\/\/demosites.io\/blogger-gb\/?page_id=6"},"modified":"2023-11-30T18:38:01","modified_gmt":"2023-11-30T18:38:01","slug":"perfil-josep-galvez","status":"publish","type":"page","link":"https:\/\/cartasdesdelondres.com\/index.php\/perfil-josep-galvez\/","title":{"rendered":"Perfil Josep Galvez"},"content":{"rendered":"\n<div id=\"wp-block-themeisle-blocks-advanced-columns-c3397b6c\" class=\"wp-block-themeisle-blocks-advanced-columns alignfull has-1-columns has-desktop-equal-layout has-tablet-equal-layout has-mobile-equal-layout has-vertical-unset\"><div class=\"wp-block-themeisle-blocks-advanced-columns-overlay\"><\/div><div class=\"innerblocks-wrap\">\n<div id=\"wp-block-themeisle-blocks-advanced-column-f1a738cd\" class=\"wp-block-themeisle-blocks-advanced-column\">\n<p id=\"wp-block-themeisle-blocks-advanced-heading-e18518c3\" class=\"wp-block-themeisle-blocks-advanced-heading wp-block-themeisle-blocks-advanced-heading-e18518c3\"><strong>pasi\u00f3n por la abogac\u00eda y LA LEY INGLESA<\/strong><\/p>\n\n\n\n<h1 class=\"wp-block-heading ticss-323b0dc0\">Sobre Josep Galvez<\/h1>\n\n\n\n<h3 class=\"wp-block-heading\">Disputas empresariales \u25cf Barrister (Inglaterra y Gales) <br>\u25cf Abogado (Espa\u00f1a) \u25cf Ex juez.<\/h3>\n<\/div>\n<\/div><\/div>\n\n\n\n<div id=\"wp-block-themeisle-blocks-advanced-columns-ba35ac10\" class=\"wp-block-themeisle-blocks-advanced-columns alignfull has-2-columns has-desktop-equal-layout has-tablet-collapsedRows-layout has-mobile-collapsedRows-layout has-vertical-unset\"><div class=\"wp-block-themeisle-blocks-advanced-columns-overlay\"><\/div><div class=\"innerblocks-wrap\">\n<div id=\"wp-block-themeisle-blocks-advanced-column-6436fd26\" class=\"wp-block-themeisle-blocks-advanced-column ticss-48ef8f35\">\n<figure class=\"wp-block-image size-full ticss-39ebe30d\"><img data-opt-id=1980947964  fetchpriority=\"high\" decoding=\"async\" width=\"950\" height=\"950\" src=\"https:\/\/mlxkeiuyjhpk.i.optimole.com\/w:auto\/h:auto\/q:mauto\/f:best\/https:\/\/cartasdesdelondres.com\/wp-content\/uploads\/2023\/11\/josep-galvez-litigo-partner.jpg\" alt=\"\" class=\"wp-image-134\" srcset=\"https:\/\/mlxkeiuyjhpk.i.optimole.com\/w:950\/h:950\/q:mauto\/f:best\/https:\/\/cartasdesdelondres.com\/wp-content\/uploads\/2023\/11\/josep-galvez-litigo-partner.jpg 950w, https:\/\/mlxkeiuyjhpk.i.optimole.com\/w:300\/h:300\/q:mauto\/f:best\/https:\/\/cartasdesdelondres.com\/wp-content\/uploads\/2023\/11\/josep-galvez-litigo-partner.jpg 300w, https:\/\/mlxkeiuyjhpk.i.optimole.com\/w:150\/h:150\/q:mauto\/f:best\/https:\/\/cartasdesdelondres.com\/wp-content\/uploads\/2023\/11\/josep-galvez-litigo-partner.jpg 150w, https:\/\/mlxkeiuyjhpk.i.optimole.com\/w:768\/h:768\/q:mauto\/f:best\/https:\/\/cartasdesdelondres.com\/wp-content\/uploads\/2023\/11\/josep-galvez-litigo-partner.jpg 768w\" sizes=\"(max-width: 950px) 100vw, 950px\" \/><\/figure>\n<\/div>\n\n\n\n<div id=\"wp-block-themeisle-blocks-advanced-column-c5a7861d\" class=\"wp-block-themeisle-blocks-advanced-column ticss-5418d6a3\">\n<p>Con m\u00e1s de 14 a\u00f1os de experiencia jur\u00eddica en tres jurisdicciones, Josep G\u00e1lvez es Barrister titulado en Inglaterra y Gales y Abogado espa\u00f1ol especializado en litigios y arbitraje. Tambi\u00e9n es Delegado de Arbitraje en Londres del Tribunal Arbitral de Barcelona (TAB), instituci\u00f3n l\u00edder en la resoluci\u00f3n de disputas comerciales internacionales en Espa\u00f1a.<\/p>\n\n\n\n<p>Josep representa a clientes de diversos sectores en disputas complejas y transfronterizas relacionadas con fusiones y adquisiciones posteriores al cierre, conflictos comerciales y cuestiones relacionadas con tratados de inversi\u00f3n. Tambi\u00e9n se apoya en su experiencia judicial, habiendo ejercido como juez en Espa\u00f1a durante seis a\u00f1os, llevando asuntos civiles y mercantiles. Como Delegado de Arbitraje, Josep apoya el desarrollo y la promoci\u00f3n de los servicios de arbitraje del TAB en el Reino Unido y en el extranjero. Tambi\u00e9n contribuye a mejorar las reglas y procedimientos de arbitraje y sirve de enlace con \u00e1rbitros, partes y abogados. Le apasiona promover el arbitraje internacional como m\u00e9todo justo, eficiente y eficaz de resoluci\u00f3n de conflictos.<\/p>\n\n\n\n<p><\/p>\n<\/div>\n<\/div><\/div>\n\n\n\n<div id=\"wp-block-themeisle-blocks-advanced-columns-350732b2\" class=\"wp-block-themeisle-blocks-advanced-columns alignfull has-2-columns has-desktop-equal-layout has-tablet-equal-layout has-mobile-collapsedRows-layout has-vertical-unset has-dark-bg\"><div class=\"wp-block-themeisle-blocks-advanced-columns-overlay\"><\/div><div class=\"innerblocks-wrap\">\n<div id=\"wp-block-themeisle-blocks-advanced-column-b9f983d5\" class=\"wp-block-themeisle-blocks-advanced-column\">\n<h3 class=\"wp-block-heading has-nv-text-dark-bg-color has-text-color\">\u200b\u200bFormaci\u00f3n y nombramientos<\/h3>\n\n\n\n<ul class=\"wp-block-list\">\n<li>Barrister en Inglaterra y Gales (2022)<\/li>\n\n\n\n<li>Abogado en Espa\u00f1a (2007)<\/li>\n\n\n\n<li>Ex Juez en materias civiles y mercantiles<\/li>\n\n\n\n<li>Profesor Asociado de Derecho Internacional Privado en la Universidad de Barcelona<\/li>\n<\/ul>\n<\/div>\n\n\n\n<div id=\"wp-block-themeisle-blocks-advanced-column-57d9480e\" class=\"wp-block-themeisle-blocks-advanced-column\">\n<h3 class=\"wp-block-heading has-nv-text-dark-bg-color has-text-color\">Asociaciones Profesionales<\/h3>\n\n\n\n<ul class=\"wp-block-list\">\n<li>Colegiado en Bar de Inglaterra y Gales (N\u00ba 76036)<\/li>\n\n\n\n<li>Colegio de Abogados de Madrid (N\u00ba 128961)<\/li>\n\n\n\n<li>Colegio de Abogados de Barcelona (N\u00ba 32071)<\/li>\n<\/ul>\n<\/div>\n<\/div><\/div>\n\n\n\n<div id=\"wp-block-themeisle-blocks-advanced-columns-0420b78e\" class=\"wp-block-themeisle-blocks-advanced-columns has-1-columns has-desktop-equal-layout has-tablet-equal-layout has-mobile-equal-layout has-vertical-unset\"><div class=\"wp-block-themeisle-blocks-advanced-columns-overlay\"><\/div><div class=\"innerblocks-wrap\">\n<div id=\"wp-block-themeisle-blocks-advanced-column-07c8372f\" class=\"wp-block-themeisle-blocks-advanced-column ticss-1e4a2cbe\"><div class=\"wp-block-image\">\n<figure class=\"aligncenter size-full is-resized\"><img data-opt-id=1282060694  fetchpriority=\"high\" decoding=\"async\" width=\"512\" height=\"315\" src=\"https:\/\/mlxkeiuyjhpk.i.optimole.com\/w:auto\/h:auto\/q:mauto\/f:best\/https:\/\/cartasdesdelondres.com\/wp-content\/uploads\/2023\/11\/LOGO-CARTAS-DESDE-LONDRES.png\" alt=\"\" class=\"wp-image-12\" style=\"width:142px;height:auto\" srcset=\"https:\/\/mlxkeiuyjhpk.i.optimole.com\/w:512\/h:315\/q:mauto\/f:best\/https:\/\/cartasdesdelondres.com\/wp-content\/uploads\/2023\/11\/LOGO-CARTAS-DESDE-LONDRES.png 512w, https:\/\/mlxkeiuyjhpk.i.optimole.com\/w:300\/h:185\/q:mauto\/f:best\/https:\/\/cartasdesdelondres.com\/wp-content\/uploads\/2023\/11\/LOGO-CARTAS-DESDE-LONDRES.png 300w\" sizes=\"(max-width: 512px) 100vw, 512px\" \/><\/figure>\n<\/div>\n\n\n<p id=\"wp-block-themeisle-blocks-advanced-heading-00861d10\" class=\"wp-block-themeisle-blocks-advanced-heading wp-block-themeisle-blocks-advanced-heading-00861d10\"><strong>DEDICANDO TIEMPO<\/strong><\/p>\n\n\n\n<h2 class=\"wp-block-heading has-text-align-center\">\u00bfPorque Cartas desde Londres?<\/h2>\n\n\n\n<div style=\"height:16px\" aria-hidden=\"true\" class=\"wp-block-spacer\"><\/div>\n\n\n\n<p class=\"has-text-align-center\">Josep se compromete a compartir sus conocimientos y experiencia con la comunidad jur\u00eddica y a fomentar una cultura de excelencia e innovaci\u00f3n en la pr\u00e1ctica del arbitraje.<\/p>\n\n\n\n<div id=\"wp-block-themeisle-blocks-button-group-7d6b1bc6\" class=\"wp-block-themeisle-blocks-button-group wp-block-buttons align-center-desktop\">\n<div id=\"wp-block-themeisle-blocks-button-ac88c72b\" class=\"wp-block-themeisle-blocks-button wp-block-button is-style-outline\"><a target=\"_self\" rel=\"noopener noreferrer\" class=\"wp-block-button__link\"><span>Leer art\u00edculos<\/span><\/a><\/div>\n<\/div>\n<\/div>\n<\/div><\/div>\n","protected":false},"excerpt":{"rendered":"","protected":false},"author":1,"featured_media":0,"parent":0,"menu_order":0,"comment_status":"closed","ping_status":"closed","template":"","meta":{"neve_meta_sidebar":"full-width","neve_meta_container":"","neve_meta_enable_content_width":"on","neve_meta_content_width":100,"neve_meta_title_alignment":"","neve_meta_author_avatar":"","neve_post_elements_order":"","neve_meta_disable_header":"","neve_meta_disable_footer":"","neve_meta_disable_title":"on","_themeisle_gutenberg_block_has_review":false,"footnotes":""},"class_list":["post-6","page","type-page","status-publish","hentry"],"_links":{"self":[{"href":"https:\/\/cartasdesdelondres.com\/index.php\/wp-json\/wp\/v2\/pages\/6","targetHints":{"allow":["GET"]}}],"collection":[{"href":"https:\/\/cartasdesdelondres.com\/index.php\/wp-json\/wp\/v2\/pages"}],"about":[{"href":"https:\/\/cartasdesdelondres.com\/index.php\/wp-json\/wp\/v2\/types\/page"}],"author":[{"embeddable":true,"href":"https:\/\/cartasdesdelondres.com\/index.php\/wp-json\/wp\/v2\/users\/1"}],"replies":[{"embeddable":true,"href":"https:\/\/cartasdesdelondres.com\/index.php\/wp-json\/wp\/v2\/comments?post=6"}],"version-history":[{"count":11,"href":"https:\/\/cartasdesdelondres.com\/index.php\/wp-json\/wp\/v2\/pages\/6\/revisions"}],"predecessor-version":[{"id":249,"href":"https:\/\/cartasdesdelondres.com\/index.php\/wp-json\/wp\/v2\/pages\/6\/revisions\/249"}],"wp:attachment":[{"href":"https:\/\/cartasdesdelondres.com\/index.php\/wp-json\/wp\/v2\/media?parent=6"}],"curies":[{"name":"wp","href":"https:\/\/api.w.org\/{rel}","templated":true}]}}